{"id":516,"date":"2023-11-24T23:57:37","date_gmt":"2023-11-25T02:57:37","guid":{"rendered":"https:\/\/agropecuariaterrafertil.com.br\/?post_type=product&#038;p=516"},"modified":"2023-11-25T00:02:45","modified_gmt":"2023-11-25T03:02:45","slug":"smart-tela-dled-40-full-hd-multi-android","status":"publish","type":"product","link":"https:\/\/www.agropecuariaterrafertil.com.br\/?product=smart-tela-dled-40-full-hd-multi-android","title":{"rendered":"Smart Tela DLED 40&#8221; Full HD Multi Android"},"content":{"rendered":"<p><b>Valor promocional v\u00e1lido \u00e0 apenas 1 (uma) unidade por pedido.<\/b><\/p>\n<p><b>Chegou a nova linha de telas Multi, com Sistema operacional Android 11, tudo de mais moderno embarcado em seu tela trazendo milhares de qualidades<br \/>\ne beneficios para voce a um comando de voz de distancia.<\/b><\/p>\n<p>Sua imagem super nitida e com alta resolu\u00e7\u00e3o, tras a experiencia do cinema para sua casa, cont\u00e9m Dolby Audio,Conectividade WIFI, Bluetooth, HDMI,<br \/>\nUSB, Porta Lan, Entrada AV, Saida de audio otica, espelhamento, Chromecast built in, loja de aplicativos completa, com os principais plataformas<br \/>\nde conteudo como Disney +, Prime Video, HBO Max, GloboPlay, Star+, Netflix e outros milhares de opcoes para seu entreterimento!<\/p>\n<p>Seu ajudante virtual Google assistente, estar\u00e1 sempre disponivel e a apenas um clique no do seu controle remoto, para trazer ainda mais possibilidades<br \/>\ne usufruir da maxima qualidade de imagem e audio disponivel na sua Tela Android Multi!<\/p>\n<p>Imagens meramente ilustrativas.<\/p>\n","protected":false},"excerpt":{"rendered":"<p>Valor promocional v\u00e1lido \u00e0 apenas 1 (uma) unidade por pedido. Chegou a nova linha de telas Multi, com Sistema operacional Android 11, tudo de mais moderno embarcado em seu tela trazendo milhares de qualidades e beneficios para voce a um comando de voz de distancia. Sua imagem super nitida e com alta resolu\u00e7\u00e3o, tras a [&hellip;]<\/p>\n","protected":false},"featured_media":523,"comment_status":"open","ping_status":"closed","template":"","meta":[],"product_brand":[],"product_cat":[32,31],"product_tag":[],"class_list":{"0":"post-516","1":"product","2":"type-product","3":"status-publish","4":"has-post-thumbnail","6":"product_cat-multilaser","7":"product_cat-televisores","9":"first","10":"instock","11":"taxable","12":"shipping-taxable","13":"purchasable","14":"product-type-simple"},"_links":{"self":[{"href":"https:\/\/www.agropecuariaterrafertil.com.br\/index.php?rest_route=\/wp\/v2\/product\/516","targetHints":{"allow":["GET"]}}],"collection":[{"href":"https:\/\/www.agropecuariaterrafertil.com.br\/index.php?rest_route=\/wp\/v2\/product"}],"about":[{"href":"https:\/\/www.agropecuariaterrafertil.com.br\/index.php?rest_route=\/wp\/v2\/types\/product"}],"replies":[{"embeddable":true,"href":"https:\/\/www.agropecuariaterrafertil.com.br\/index.php?rest_route=%2Fwp%2Fv2%2Fcomments&post=516"}],"wp:featuredmedia":[{"embeddable":true,"href":"https:\/\/www.agropecuariaterrafertil.com.br\/index.php?rest_route=\/wp\/v2\/media\/523"}],"wp:attachment":[{"href":"https:\/\/www.agropecuariaterrafertil.com.br\/index.php?rest_route=%2Fwp%2Fv2%2Fmedia&parent=516"}],"wp:term":[{"taxonomy":"product_brand","embeddable":true,"href":"https:\/\/www.agropecuariaterrafertil.com.br\/index.php?rest_route=%2Fwp%2Fv2%2Fproduct_brand&post=516"},{"taxonomy":"product_cat","embeddable":true,"href":"https:\/\/www.agropecuariaterrafertil.com.br\/index.php?rest_route=%2Fwp%2Fv2%2Fproduct_cat&post=516"},{"taxonomy":"product_tag","embeddable":true,"href":"https:\/\/www.agropecuariaterrafertil.com.br\/index.php?rest_route=%2Fwp%2Fv2%2Fproduct_tag&post=516"}],"curies":[{"name":"wp","href":"https:\/\/api.w.org\/{rel}","templated":true}]}}