{"id":22,"date":"2023-11-26T22:26:46","date_gmt":"2023-11-27T01:26:46","guid":{"rendered":"https:\/\/agropecuariaterrafertil.com.br\/?page_id=22"},"modified":"2023-11-26T22:34:09","modified_gmt":"2023-11-27T01:34:09","slug":"reembolso_devolucoes","status":"publish","type":"page","link":"https:\/\/www.agropecuariaterrafertil.com.br\/?page_id=22","title":{"rendered":"Pol\u00edtica de reembolso e devolu\u00e7\u00f5es"},"content":{"rendered":"\t\t<div data-elementor-type=\"wp-page\" data-elementor-id=\"22\" class=\"elementor elementor-22\" data-elementor-post-type=\"page\">\n\t\t\t\t<div class=\"elementor-element elementor-element-6a3abdd4 e-flex e-con-boxed e-con e-parent\" data-id=\"6a3abdd4\" data-element_type=\"container\" data-settings=\"{&quot;background_background&quot;:&quot;classic&quot;,&quot;jet_parallax_layout_list&quot;:[]}\">\n\t\t\t\t\t<div class=\"e-con-inner\">\n\t\t\t\t<div class=\"elementor-element elementor-element-3ed050b7 elementor-widget elementor-widget-heading\" data-id=\"3ed050b7\" data-element_type=\"widget\" data-widget_type=\"heading.default\">\n\t\t\t\t<div class=\"elementor-widget-container\">\n\t\t\t\t\t<h2 class=\"elementor-heading-title elementor-size-default\">Trocas e Devolu\u00e7\u00f5es<\/h2>\t\t\t\t<\/div>\n\t\t\t\t<\/div>\n\t\t\t\t\t<\/div>\n\t\t\t\t<\/div>\n\t\t<div class=\"elementor-element elementor-element-14d14206 e-flex e-con-boxed e-con e-parent\" data-id=\"14d14206\" data-element_type=\"container\" data-settings=\"{&quot;background_background&quot;:&quot;classic&quot;,&quot;jet_parallax_layout_list&quot;:[]}\">\n\t\t\t\t\t<div class=\"e-con-inner\">\n\t\t<div class=\"elementor-element elementor-element-1186e6a4 e-con-full e-flex e-con e-child\" data-id=\"1186e6a4\" data-element_type=\"container\" data-settings=\"{&quot;jet_parallax_layout_list&quot;:[]}\">\n\t\t\t\t<div class=\"elementor-element elementor-element-fa37cc9 elementor-widget elementor-widget-text-editor\" data-id=\"fa37cc9\" data-element_type=\"widget\" data-widget_type=\"text-editor.default\">\n\t\t\t\t<div class=\"elementor-widget-container\">\n\t\t\t\t\t\t\t\t\t<p><strong>Nome da Loja &#8211; Trocas\/Reembolso e Devolu\u00e7\u00e3o<\/strong><\/p>\n<p>A Nome da Loja busca em primeiro lugar a satisfa\u00e7\u00e3o do cliente. Buscamos entregar produtos de qualidade e que deixe voc\u00ea (cliente) satisfeito.<\/p>\n<p>Se por algum motivo voc\u00ea ficar decepcionado com a sua compra, faremos o poss\u00edvel para resolver seu problema, seguindo nossos termos de reembolso, troca e devolu\u00e7\u00e3o.<\/p>\n<hr>\n<p><strong>Desist\u00eancia ou Arrependimento<\/strong><\/p>\n<p>Conforme ditam as normas do CDC (C\u00f3digo de Defesa do Consumidor), o cliente que realiza compras atrav\u00e9s de lojas virtuais, gozam de at\u00e9 7 (sete) dias ap\u00f3s o recebimento do produto para registrar a desist\u00eancia da compra.&nbsp;<br>O desejo de cancelamento deve ser imediatamente comunicado a n\u00f3s, seguindo as seguintes regras:<\/p>\n<p>&#8211; O produto deve ser devolvido em sua embalagem original.&nbsp;<br>&#8211; O produto n\u00e3o poder\u00e1 apresentar qualquer ind\u00edcio de uso.<\/p>\n<p>ATEN\u00c7\u00c3O: O produto que n\u00e3o atender as condi\u00e7\u00f5es exigidas acima, n\u00e3o ser\u00e1 aceito como devolu\u00e7\u00e3o e automaticamente ser\u00e1 remetido de volta ao endere\u00e7o de origem. Nessas condi\u00e7\u00f5es, a n\u00f3s nos reservamos no direito de fazer nova cobran\u00e7a de frete.<\/p>\n<p><strong>Restitui\u00e7\u00e3o dos Valores:<\/strong><\/p>\n<p>&#8211; Cart\u00e3o de cr\u00e9dito: O estorno poder\u00e1 ocorrer em at\u00e9 2 faturas subsequentes.&nbsp;<br>&#8211; Boleto Banc\u00e1rio: Cr\u00e9dito em conta corrente em at\u00e9 10 dias \u00fateis.&nbsp;<br>&#8211; Pix: Transfer\u00eancia efetuada em at\u00e9 5 dias \u00fateis.<br>&#8211; N\u00e3o haver\u00e1 restitui\u00e7\u00e3o do valor do frete<\/p>\n<p>ATEN\u00c7\u00c3O: A restitui\u00e7\u00e3o dos valores ser\u00e1 processada somente ap\u00f3s o recebimento e an\u00e1lise das condi\u00e7\u00f5es do(s) produto(s) em nosso estoque. (O produto n\u00e3o poder\u00e1 trazer qualquer ind\u00edcio de uso).&nbsp;<\/p>\n<p><strong>Como iniciar o processo de devolu\u00e7\u00e3o por desist\u00eancia ou arrependimento:<\/strong><\/p>\n<p>1- Entrar em contato atrav\u00e9s do e-mail: <a href=\"mailto:contato@dominiodaloja.com.br\">contato@dominiodaloja.com.br<\/a><\/p>\n<p>2- Enviar o produto pelos Correios, com porte pago pelo cliente, para o endere\u00e7o indicado atrav\u00e9s do suporte realizado no e-mail.&nbsp;<\/p>\n<p>Importante: o produto dever\u00e1 estar em sua embalagem original, sem ind\u00edcios de uso, sem viola\u00e7\u00e3o do lacre, quando existente, acompanhado de todos os acess\u00f3rios que possui.<\/p>\n<p>A partir do recebimento do produto e confirma\u00e7\u00e3o das condi\u00e7\u00f5es acima, iremos<br>restituir o valor do produto, pelo mesmo meio de pagamento utilizado no momento da compra.<\/p>\n<p>Caso o pedido j\u00e1 tenha sido enviado e \u00e9 solicitado o cancelamento, o cliente dever\u00e1 esperar o produto chegar, enviar o mesmo para o endere\u00e7o indicado no e-mail, ap\u00f3s isso, ser\u00e1 realizada a devolu\u00e7\u00e3o do valor pago.<\/p>\n<p>Segundo o C\u00f3digo de Defesa do Consumidor &#8211; Artigo 18, n\u00e3o existe a obriga\u00e7\u00e3o legal do lojista de realizar trocas por motivos de arrependimento do consumidor quanto \u00e0 cor, tamanho, modelo, ou qualquer outra hip\u00f3tese. O direito assegurado ao cliente pelo c\u00f3digo de defesa do consumidor \u00e9 o de realizar trocas apenas em caso de produtos com defeito.<\/p>\n<p>Nome da Loja &#8211; &nbsp;isenta-se da obriga\u00e7\u00e3o de trocar qualquer produto caso haja defeitos por mau uso, ou solicita\u00e7\u00f5es fora dos prazos citados.&nbsp;<\/p>\n<p><strong>Outros<\/strong><\/p>\n<p>Produtos devolvidos sem essa comunica\u00e7\u00e3o, fora do prazo ou com aus\u00eancia de \u00edtens\/acess\u00f3rios que o acompanhem, poder\u00e3o ser reenviados sem consulta pr\u00e9via.<\/p>\n<p>Al\u00e9m das ocorr\u00eancias mencionadas, se ocorrer qualquer das hip\u00f3teses abaixo, o recebimento do produto deve ser recusado.<br>&#8211; Embalagem aberta ou avariada;<br>&#8211; Produto avariado;<br>&#8211; Produto em desacordo com o pedido;<br>&#8211; Falta de acess\u00f3rios.<\/p>\n<p>Se, ainda assim, voc\u00ea receber o produto, por favor, entre em contato com o suporte da Loja em at\u00e9 72h contadas a partir do recebimento.<\/p>\n<p><strong>NOME DA LOJA<\/strong><\/p>\t\t\t\t\t\t\t\t<\/div>\n\t\t\t\t<\/div>\n\t\t\t\t<\/div>\n\t\t\t\t\t<\/div>\n\t\t\t\t<\/div>\n\t\t\t\t<\/div>\n\t\t","protected":false},"excerpt":{"rendered":"<p>Trocas e Devolu\u00e7\u00f5es Nome da Loja &#8211; Trocas\/Reembolso e Devolu\u00e7\u00e3o A Nome da Loja busca em primeiro lugar a satisfa\u00e7\u00e3o do cliente. Buscamos entregar produtos de qualidade e que deixe voc\u00ea (cliente) satisfeito. Se por algum motivo voc\u00ea ficar decepcionado com a sua compra, faremos o poss\u00edvel para resolver seu problema, seguindo nossos termos de [&hellip;]<\/p>\n","protected":false},"author":2,"featured_media":0,"parent":0,"menu_order":0,"comment_status":"closed","ping_status":"closed","template":"","meta":{"footnotes":""},"class_list":["post-22","page","type-page","status-publish","hentry"],"_links":{"self":[{"href":"https:\/\/www.agropecuariaterrafertil.com.br\/index.php?rest_route=\/wp\/v2\/pages\/22","targetHints":{"allow":["GET"]}}],"collection":[{"href":"https:\/\/www.agropecuariaterrafertil.com.br\/index.php?rest_route=\/wp\/v2\/pages"}],"about":[{"href":"https:\/\/www.agropecuariaterrafertil.com.br\/index.php?rest_route=\/wp\/v2\/types\/page"}],"author":[{"embeddable":true,"href":"https:\/\/www.agropecuariaterrafertil.com.br\/index.php?rest_route=\/wp\/v2\/users\/2"}],"replies":[{"embeddable":true,"href":"https:\/\/www.agropecuariaterrafertil.com.br\/index.php?rest_route=%2Fwp%2Fv2%2Fcomments&post=22"}],"version-history":[{"count":9,"href":"https:\/\/www.agropecuariaterrafertil.com.br\/index.php?rest_route=\/wp\/v2\/pages\/22\/revisions"}],"predecessor-version":[{"id":725,"href":"https:\/\/www.agropecuariaterrafertil.com.br\/index.php?rest_route=\/wp\/v2\/pages\/22\/revisions\/725"}],"wp:attachment":[{"href":"https:\/\/www.agropecuariaterrafertil.com.br\/index.php?rest_route=%2Fwp%2Fv2%2Fmedia&parent=22"}],"curies":[{"name":"wp","href":"https:\/\/api.w.org\/{rel}","templated":true}]}}